{"id":10,"date":"2018-12-19T12:07:47","date_gmt":"2018-12-19T12:07:47","guid":{"rendered":"http:\/\/isurussub.com\/wordpress\/?page_id=10"},"modified":"2025-08-20T08:08:37","modified_gmt":"2025-08-20T08:08:37","slug":"contacto","status":"publish","type":"page","link":"https:\/\/isurussub.com\/wordpress\/contacto\/","title":{"rendered":"Contacto"},"content":{"rendered":"<p><strong>Mail\u00a0<\/strong><a href=\"mailto:buceo@isurussub.com\">buceo@isurussub.com<\/a><\/p>\n<p><strong>Tel\u00e9fono (Llamadas) \/ Whatsapp (Solo mensajes) <\/strong>971 730 943<\/p>\n<p><iframe loading=\"lazy\" style=\"border: 0;\" src=\"https:\/\/www.google.com\/maps\/embed?pb=!1m18!1m12!1m3!1d3075.537059309729!2d2.6292431576982134!3d39.570044879472555!2m3!1f0!2f0!3f0!3m2!1i1024!2i768!4f13.1!3m3!1m2!1s0x1297926f78edee35%3A0x7b9627e5ad191a43!2sIsurus+Centre+Subaquatic!5e0!3m2!1ses!2ses!4v1545312303813\" width=\"600\" height=\"450\" frameborder=\"0\" allowfullscreen=\"allowfullscreen\"><\/iframe><\/p>\n<p><strong>Direcci\u00f3n<\/strong><br \/>\nCalle Magalhaes 8<br \/>\nPalma de Mallorca, 07014<\/p>\n<p><strong>Horario Cont\u00ednuo de lunes a S\u00e1bado<\/strong><br \/>\n<strong>\u00a1NO CERRAMOS AL MEDIOD\u00cdA!<\/strong><br \/>\nVerano: 9-30 a 20:00h.<\/p>\n<p><img loading=\"lazy\" decoding=\"async\" class=\"alignnone wp-image-496\" style=\"font-size: 1rem;\" src=\"https:\/\/isurussub.com\/wordpress\/wp-content\/uploads\/2025\/04\/Isurus-Tiburon-Letras-I-e1746006546950-300x208.png\" alt=\"\" width=\"213\" height=\"148\" srcset=\"https:\/\/isurussub.com\/wordpress\/wp-content\/uploads\/2025\/04\/Isurus-Tiburon-Letras-I-e1746006546950-300x208.png 300w, https:\/\/isurussub.com\/wordpress\/wp-content\/uploads\/2025\/04\/Isurus-Tiburon-Letras-I-e1746006546950-768x533.png 768w, https:\/\/isurussub.com\/wordpress\/wp-content\/uploads\/2025\/04\/Isurus-Tiburon-Letras-I-e1746006546950.png 884w\" sizes=\"auto, (max-width: 213px) 100vw, 213px\" \/><img loading=\"lazy\" decoding=\"async\" class=\"alignnone wp-image-508\" src=\"https:\/\/isurussub.com\/wordpress\/wp-content\/uploads\/2025\/04\/SEEMANN-SUB-300x153.png\" alt=\"\" width=\"306\" height=\"156\" srcset=\"https:\/\/isurussub.com\/wordpress\/wp-content\/uploads\/2025\/04\/SEEMANN-SUB-300x153.png 300w, https:\/\/isurussub.com\/wordpress\/wp-content\/uploads\/2025\/04\/SEEMANN-SUB-1024x523.png 1024w, https:\/\/isurussub.com\/wordpress\/wp-content\/uploads\/2025\/04\/SEEMANN-SUB-768x392.png 768w, https:\/\/isurussub.com\/wordpress\/wp-content\/uploads\/2025\/04\/SEEMANN-SUB.png 1119w\" sizes=\"auto, (max-width: 306px) 100vw, 306px\" \/><\/p>\n","protected":false},"excerpt":{"rendered":"<p>Mail\u00a0buceo@isurussub.com Tel\u00e9fono (Llamadas) \/ Whatsapp (Solo mensajes) 971 730 943 Direcci\u00f3n Calle Magalhaes 8 Palma de Mallorca, 07014 Horario Cont\u00ednuo de lunes a S\u00e1bado \u00a1NO CERRAMOS AL MEDIOD\u00cdA! Verano: 9-30 a 20:00h.<\/p>\n","protected":false},"author":1,"featured_media":488,"parent":0,"menu_order":0,"comment_status":"closed","ping_status":"closed","template":"","meta":{"footnotes":""},"class_list":["post-10","page","type-page","status-publish","has-post-thumbnail","hentry"],"_links":{"self":[{"href":"https:\/\/isurussub.com\/wordpress\/wp-json\/wp\/v2\/pages\/10","targetHints":{"allow":["GET"]}}],"collection":[{"href":"https:\/\/isurussub.com\/wordpress\/wp-json\/wp\/v2\/pages"}],"about":[{"href":"https:\/\/isurussub.com\/wordpress\/wp-json\/wp\/v2\/types\/page"}],"author":[{"embeddable":true,"href":"https:\/\/isurussub.com\/wordpress\/wp-json\/wp\/v2\/users\/1"}],"replies":[{"embeddable":true,"href":"https:\/\/isurussub.com\/wordpress\/wp-json\/wp\/v2\/comments?post=10"}],"version-history":[{"count":18,"href":"https:\/\/isurussub.com\/wordpress\/wp-json\/wp\/v2\/pages\/10\/revisions"}],"predecessor-version":[{"id":521,"href":"https:\/\/isurussub.com\/wordpress\/wp-json\/wp\/v2\/pages\/10\/revisions\/521"}],"wp:featuredmedia":[{"embeddable":true,"href":"https:\/\/isurussub.com\/wordpress\/wp-json\/wp\/v2\/media\/488"}],"wp:attachment":[{"href":"https:\/\/isurussub.com\/wordpress\/wp-json\/wp\/v2\/media?parent=10"}],"curies":[{"name":"wp","href":"https:\/\/api.w.org\/{rel}","templated":true}]}}