{"id":118,"date":"2018-12-21T10:07:15","date_gmt":"2018-12-21T10:07:15","guid":{"rendered":"http:\/\/isurussub.com\/wordpress\/?page_id=118"},"modified":"2025-04-15T12:31:25","modified_gmt":"2025-04-15T12:31:25","slug":"galeria","status":"publish","type":"page","link":"https:\/\/isurussub.com\/wordpress\/galeria\/","title":{"rendered":"Galer\u00eda"},"content":{"rendered":"<p>Aqu\u00ed encontrar\u00e9is todas las fotos y videos de las fabulosas inmersiones con Isurus, y otras muchas actividades como campeonatos, actividades sociales, excursiones de senderismo, concursos de fotograf\u00eda&#8230;<\/p>\n<p><a href=\"https:\/\/isurussub.com\/wordpress\/galeria\/fotos\/\"><strong>FOTOS<\/strong><\/a><\/p>\n<p><strong><a href=\"https:\/\/isurussub.com\/wordpress\/galeria\/videos\/\">VIDEOS<\/a><\/strong><\/p>\n","protected":false},"excerpt":{"rendered":"<p>Aqu\u00ed encontrar\u00e9is todas las fotos y videos de las fabulosas inmersiones con Isurus, y otras muchas actividades como campeonatos, actividades sociales, excursiones de senderismo, concursos de fotograf\u00eda&#8230; FOTOS VIDEOS<\/p>\n","protected":false},"author":1,"featured_media":466,"parent":0,"menu_order":0,"comment_status":"closed","ping_status":"closed","template":"","meta":{"footnotes":""},"class_list":["post-118","page","type-page","status-publish","has-post-thumbnail","hentry"],"_links":{"self":[{"href":"https:\/\/isurussub.com\/wordpress\/wp-json\/wp\/v2\/pages\/118","targetHints":{"allow":["GET"]}}],"collection":[{"href":"https:\/\/isurussub.com\/wordpress\/wp-json\/wp\/v2\/pages"}],"about":[{"href":"https:\/\/isurussub.com\/wordpress\/wp-json\/wp\/v2\/types\/page"}],"author":[{"embeddable":true,"href":"https:\/\/isurussub.com\/wordpress\/wp-json\/wp\/v2\/users\/1"}],"replies":[{"embeddable":true,"href":"https:\/\/isurussub.com\/wordpress\/wp-json\/wp\/v2\/comments?post=118"}],"version-history":[{"count":7,"href":"https:\/\/isurussub.com\/wordpress\/wp-json\/wp\/v2\/pages\/118\/revisions"}],"predecessor-version":[{"id":158,"href":"https:\/\/isurussub.com\/wordpress\/wp-json\/wp\/v2\/pages\/118\/revisions\/158"}],"wp:featuredmedia":[{"embeddable":true,"href":"https:\/\/isurussub.com\/wordpress\/wp-json\/wp\/v2\/media\/466"}],"wp:attachment":[{"href":"https:\/\/isurussub.com\/wordpress\/wp-json\/wp\/v2\/media?parent=118"}],"curies":[{"name":"wp","href":"https:\/\/api.w.org\/{rel}","templated":true}]}}