{"id":8,"date":"2018-12-19T12:07:46","date_gmt":"2018-12-19T12:07:46","guid":{"rendered":"http:\/\/isurussub.com\/wordpress\/?page_id=8"},"modified":"2025-04-30T09:49:46","modified_gmt":"2025-04-30T09:49:46","slug":"inicio","status":"publish","type":"page","link":"https:\/\/isurussub.com\/wordpress\/","title":{"rendered":"Isurus &#8211; esport i aventura"},"content":{"rendered":"<p>&nbsp;<\/p>\n<p><img loading=\"lazy\" decoding=\"async\" class=\"alignleft wp-image-496 size-full\" src=\"https:\/\/isurussub.com\/wordpress\/wp-content\/uploads\/2025\/04\/Isurus-Tiburon-Letras-I-e1746006546950.png\" alt=\"\" width=\"884\" height=\"614\" srcset=\"https:\/\/isurussub.com\/wordpress\/wp-content\/uploads\/2025\/04\/Isurus-Tiburon-Letras-I-e1746006546950.png 884w, https:\/\/isurussub.com\/wordpress\/wp-content\/uploads\/2025\/04\/Isurus-Tiburon-Letras-I-e1746006546950-300x208.png 300w, https:\/\/isurussub.com\/wordpress\/wp-content\/uploads\/2025\/04\/Isurus-Tiburon-Letras-I-e1746006546950-768x533.png 768w\" sizes=\"auto, (max-width: 767px) 89vw, (max-width: 1000px) 54vw, (max-width: 1071px) 543px, 580px\" \/><\/p>\n<p>&#8211; LA MAYOR EXPOSICI\u00d3N DE EQUIPOS PARA DEPORTES DE AVENTURA<br \/>\n&#8211; BUCEO, SENDERISMO, CANYONING, ESCALADA, ESPELEOLOG\u00cdA, SURF, NATACI\u00d3N, ETC.<br \/>\n&#8211; MANTENIMIENTO Y REPARACI\u00d3N DE EQUIPOS DE BUCEO.<br \/>\n&#8211; ESTACI\u00d3N DE CARGA DE AIRE COMPRIMIDO.<br \/>\n&#8211; ALQUILER EQUIPOS DE BUCEO Y CANYONING<br \/>\n&#8211; CURSOS DE BUCEO, INMERSI\u00d3NES.<br \/>\n&#8211; CENTRO Y CLUB DE BUCEO.<\/p>\n<p><img loading=\"lazy\" decoding=\"async\" class=\"alignnone wp-image-374 size-large\" src=\"https:\/\/isurussub.com\/wordpress\/wp-content\/uploads\/2023\/02\/Horizontal-Black-1024x244.png\" alt=\"\" width=\"525\" height=\"125\" srcset=\"https:\/\/isurussub.com\/wordpress\/wp-content\/uploads\/2023\/02\/Horizontal-Black-1024x244.png 1024w, https:\/\/isurussub.com\/wordpress\/wp-content\/uploads\/2023\/02\/Horizontal-Black-300x71.png 300w, https:\/\/isurussub.com\/wordpress\/wp-content\/uploads\/2023\/02\/Horizontal-Black-768x183.png 768w, https:\/\/isurussub.com\/wordpress\/wp-content\/uploads\/2023\/02\/Horizontal-Black-1536x365.png 1536w, https:\/\/isurussub.com\/wordpress\/wp-content\/uploads\/2023\/02\/Horizontal-Black-2048x487.png 2048w\" sizes=\"auto, (max-width: 525px) 100vw, 525px\" \/><\/p>\n","protected":false},"excerpt":{"rendered":"<p>&nbsp; &#8211; LA MAYOR EXPOSICI\u00d3N DE EQUIPOS PARA DEPORTES DE AVENTURA &#8211; BUCEO, SENDERISMO, CANYONING, ESCALADA, ESPELEOLOG\u00cdA, SURF, NATACI\u00d3N, ETC. &#8211; MANTENIMIENTO Y REPARACI\u00d3N DE EQUIPOS DE BUCEO. &#8211; ESTACI\u00d3N DE CARGA DE AIRE COMPRIMIDO. &#8211; ALQUILER EQUIPOS DE BUCEO Y CANYONING &#8211; CURSOS DE BUCEO, INMERSI\u00d3NES. &#8211; CENTRO Y CLUB DE BUCEO.<\/p>\n","protected":false},"author":1,"featured_media":470,"parent":0,"menu_order":0,"comment_status":"closed","ping_status":"closed","template":"","meta":{"footnotes":""},"class_list":["post-8","page","type-page","status-publish","has-post-thumbnail","hentry"],"_links":{"self":[{"href":"https:\/\/isurussub.com\/wordpress\/wp-json\/wp\/v2\/pages\/8","targetHints":{"allow":["GET"]}}],"collection":[{"href":"https:\/\/isurussub.com\/wordpress\/wp-json\/wp\/v2\/pages"}],"about":[{"href":"https:\/\/isurussub.com\/wordpress\/wp-json\/wp\/v2\/types\/page"}],"author":[{"embeddable":true,"href":"https:\/\/isurussub.com\/wordpress\/wp-json\/wp\/v2\/users\/1"}],"replies":[{"embeddable":true,"href":"https:\/\/isurussub.com\/wordpress\/wp-json\/wp\/v2\/comments?post=8"}],"version-history":[{"count":8,"href":"https:\/\/isurussub.com\/wordpress\/wp-json\/wp\/v2\/pages\/8\/revisions"}],"predecessor-version":[{"id":504,"href":"https:\/\/isurussub.com\/wordpress\/wp-json\/wp\/v2\/pages\/8\/revisions\/504"}],"wp:featuredmedia":[{"embeddable":true,"href":"https:\/\/isurussub.com\/wordpress\/wp-json\/wp\/v2\/media\/470"}],"wp:attachment":[{"href":"https:\/\/isurussub.com\/wordpress\/wp-json\/wp\/v2\/media?parent=8"}],"curies":[{"name":"wp","href":"https:\/\/api.w.org\/{rel}","templated":true}]}}