{"id":9,"date":"2018-12-19T12:07:46","date_gmt":"2018-12-19T12:07:46","guid":{"rendered":"http:\/\/isurussub.com\/wordpress\/?page_id=9"},"modified":"2025-04-30T09:53:25","modified_gmt":"2025-04-30T09:53:25","slug":"acerca-de","status":"publish","type":"page","link":"https:\/\/isurussub.com\/wordpress\/acerca-de\/","title":{"rendered":"Club de buceo Isurus"},"content":{"rendered":"<p><img loading=\"lazy\" decoding=\"async\" class=\"alignnone wp-image-505\" src=\"https:\/\/isurussub.com\/wordpress\/wp-content\/uploads\/2025\/04\/Isurus-Club-300x201.png\" alt=\"\" width=\"224\" height=\"150\" srcset=\"https:\/\/isurussub.com\/wordpress\/wp-content\/uploads\/2025\/04\/Isurus-Club-300x201.png 300w, https:\/\/isurussub.com\/wordpress\/wp-content\/uploads\/2025\/04\/Isurus-Club-1024x686.png 1024w, https:\/\/isurussub.com\/wordpress\/wp-content\/uploads\/2025\/04\/Isurus-Club-768x515.png 768w, https:\/\/isurussub.com\/wordpress\/wp-content\/uploads\/2025\/04\/Isurus-Club-1536x1029.png 1536w, https:\/\/isurussub.com\/wordpress\/wp-content\/uploads\/2025\/04\/Isurus-Club-2048x1372.png 2048w\" sizes=\"auto, (max-width: 224px) 100vw, 224px\" \/><img loading=\"lazy\" decoding=\"async\" class=\"alignnone wp-image-360\" src=\"https:\/\/isurussub.com\/wordpress\/wp-content\/uploads\/2023\/02\/Stack-Black-961x1024.png\" alt=\"\" width=\"141\" height=\"150\" srcset=\"https:\/\/isurussub.com\/wordpress\/wp-content\/uploads\/2023\/02\/Stack-Black-961x1024.png 961w, https:\/\/isurussub.com\/wordpress\/wp-content\/uploads\/2023\/02\/Stack-Black-281x300.png 281w, https:\/\/isurussub.com\/wordpress\/wp-content\/uploads\/2023\/02\/Stack-Black-768x819.png 768w, https:\/\/isurussub.com\/wordpress\/wp-content\/uploads\/2023\/02\/Stack-Black-1441x1536.png 1441w, https:\/\/isurussub.com\/wordpress\/wp-content\/uploads\/2023\/02\/Stack-Black.png 1772w\" sizes=\"auto, (max-width: 141px) 100vw, 141px\" \/>\u00a0<img loading=\"lazy\" decoding=\"async\" class=\"alignnone wp-image-355 size-thumbnail\" src=\"https:\/\/isurussub.com\/wordpress\/wp-content\/uploads\/2023\/02\/Dive-Center-150x150.png\" alt=\"\" width=\"150\" height=\"150\" srcset=\"https:\/\/isurussub.com\/wordpress\/wp-content\/uploads\/2023\/02\/Dive-Center-150x150.png 150w, https:\/\/isurussub.com\/wordpress\/wp-content\/uploads\/2023\/02\/Dive-Center-300x300.png 300w, https:\/\/isurussub.com\/wordpress\/wp-content\/uploads\/2023\/02\/Dive-Center-1024x1024.png 1024w, https:\/\/isurussub.com\/wordpress\/wp-content\/uploads\/2023\/02\/Dive-Center-768x768.png 768w, https:\/\/isurussub.com\/wordpress\/wp-content\/uploads\/2023\/02\/Dive-Center-1536x1536.png 1536w, https:\/\/isurussub.com\/wordpress\/wp-content\/uploads\/2023\/02\/Dive-Center-2048x2048.png 2048w, https:\/\/isurussub.com\/wordpress\/wp-content\/uploads\/2023\/02\/Dive-Center-100x100.png 100w\" sizes=\"auto, (max-width: 150px) 100vw, 150px\" \/><\/p>\n<p><strong>CENTRO DE BUCEO ISURUS<\/strong><\/p>\n<p>INMERSIONES en las Reservas Marinas de Illa del Toro e Illes Malgrats, debido a su abundant\u00edsima y variada fauna formada por grandes meros, barracudas, dentones, t\u00fanidos de gran tama\u00f1o, morenas, pulpos etc. y una micro fauna espectacular, todo ello en aguas cristalinas hacen de estas reservas una de las mejores zonas de buceo del Mediterr\u00e1neo.<\/p>\n<p>Pack y ofertas especiales.<\/p>\n<p><img loading=\"lazy\" decoding=\"async\" class=\"alignnone wp-image-367 size-thumbnail\" src=\"https:\/\/isurussub.com\/wordpress\/wp-content\/uploads\/2023\/02\/Dive-Boat-150x150.png\" alt=\"\" width=\"150\" height=\"150\" srcset=\"https:\/\/isurussub.com\/wordpress\/wp-content\/uploads\/2023\/02\/Dive-Boat-150x150.png 150w, https:\/\/isurussub.com\/wordpress\/wp-content\/uploads\/2023\/02\/Dive-Boat-300x300.png 300w, https:\/\/isurussub.com\/wordpress\/wp-content\/uploads\/2023\/02\/Dive-Boat-1024x1024.png 1024w, https:\/\/isurussub.com\/wordpress\/wp-content\/uploads\/2023\/02\/Dive-Boat-768x768.png 768w, https:\/\/isurussub.com\/wordpress\/wp-content\/uploads\/2023\/02\/Dive-Boat-1536x1536.png 1536w, https:\/\/isurussub.com\/wordpress\/wp-content\/uploads\/2023\/02\/Dive-Boat-2048x2048.png 2048w, https:\/\/isurussub.com\/wordpress\/wp-content\/uploads\/2023\/02\/Dive-Boat-100x100.png 100w\" sizes=\"auto, (max-width: 150px) 100vw, 150px\" \/><\/p>\n<p>NUESTRA EMBARCACI\u00d3N &#8211; ISURUS VI, amplia, r\u00e1pida y confortable tiene como base Port Adriano, uno de los puertos deportivos m\u00e1s modernos y con excelentes servicios, desde donde en pocos minutos alcanzamos las zonas de buceo.<\/p>\n<p>BUCEO CON TIBURONES. En colaboraci\u00f3n con Palma Aquarium, una experiencia emocionante y \u00fanica. Acompa\u00f1ado de nuestros gu\u00edas podr\u00e1s sumergirte e incluso tomar fotograf\u00edas en el \u201cGran Azul\u201d, el acuario m\u00e1s profundo de Europa, con m\u00e1s de 200 especies diferentes, entre ellas 20 ejemplares de tiburones de 4 especies diferentes.<\/p>\n<p>BUCEO EN APNEA. Cursos, excursiones, competiciones y entrenamientos en piscina y en el mar.<\/p>\n<p><img loading=\"lazy\" decoding=\"async\" class=\"alignnone wp-image-368 size-thumbnail\" src=\"https:\/\/isurussub.com\/wordpress\/wp-content\/uploads\/2023\/02\/Dive-School-150x150.png\" alt=\"\" width=\"150\" height=\"150\" srcset=\"https:\/\/isurussub.com\/wordpress\/wp-content\/uploads\/2023\/02\/Dive-School-150x150.png 150w, https:\/\/isurussub.com\/wordpress\/wp-content\/uploads\/2023\/02\/Dive-School-300x300.png 300w, https:\/\/isurussub.com\/wordpress\/wp-content\/uploads\/2023\/02\/Dive-School-1024x1024.png 1024w, https:\/\/isurussub.com\/wordpress\/wp-content\/uploads\/2023\/02\/Dive-School-768x768.png 768w, https:\/\/isurussub.com\/wordpress\/wp-content\/uploads\/2023\/02\/Dive-School-1536x1536.png 1536w, https:\/\/isurussub.com\/wordpress\/wp-content\/uploads\/2023\/02\/Dive-School-2048x2048.png 2048w, https:\/\/isurussub.com\/wordpress\/wp-content\/uploads\/2023\/02\/Dive-School-100x100.png 100w\" sizes=\"auto, (max-width: 150px) 100vw, 150px\" \/><\/p>\n<p><strong>ESCUELA DE BUCEO &#8211; CURSOS<\/strong><\/p>\n<p>INTRODUCCI\u00d3N AL BUCEO \/ DISCOVER SCUBA DIVING. A partir de los 8 a\u00f1os, descubre el buceo de una forma econ\u00f3mica, sencilla y divertida, una experiencia \u00fanica.<\/p>\n<p>SCUBA DIVER &#8211; OPEN WATER DIVER. Cursos b\u00e1sicos de iniciaci\u00f3n al buceo. T\u00e9cnica, equipo, normas de seguridad, inmersiones en aguas abiertas. Certificaci\u00f3n con reconocimiento oficial e internacional. Durante todo el a\u00f1o cursos programados y cursos privados adapt\u00e1ndonos a tus necesidades.<\/p>\n<p><img loading=\"lazy\" decoding=\"async\" class=\"alignnone wp-image-366 size-thumbnail\" src=\"https:\/\/isurussub.com\/wordpress\/wp-content\/uploads\/2023\/02\/Diamond-Center-150x150.png\" alt=\"\" width=\"150\" height=\"150\" srcset=\"https:\/\/isurussub.com\/wordpress\/wp-content\/uploads\/2023\/02\/Diamond-Center-150x150.png 150w, https:\/\/isurussub.com\/wordpress\/wp-content\/uploads\/2023\/02\/Diamond-Center-300x300.png 300w, https:\/\/isurussub.com\/wordpress\/wp-content\/uploads\/2023\/02\/Diamond-Center-1024x1024.png 1024w, https:\/\/isurussub.com\/wordpress\/wp-content\/uploads\/2023\/02\/Diamond-Center-768x768.png 768w, https:\/\/isurussub.com\/wordpress\/wp-content\/uploads\/2023\/02\/Diamond-Center-1536x1536.png 1536w, https:\/\/isurussub.com\/wordpress\/wp-content\/uploads\/2023\/02\/Diamond-Center-2048x2048.png 2048w, https:\/\/isurussub.com\/wordpress\/wp-content\/uploads\/2023\/02\/Diamond-Center-100x100.png 100w\" sizes=\"auto, (max-width: 150px) 100vw, 150px\" \/><\/p>\n<p>ADVANCED ADVENTURER. Si te cuesta decidir qu\u00e9 programas de especialidad son la mejor opci\u00f3n para ti, \u00a1\u00fanete al programa de Advanced Adventurer de SSI! Advanced de SSI est\u00e1 pensado para que pruebes 5 programas de especialidad antes de cursar uno o m\u00e1s programas completos. Es una forma estupenda de introducirse en la formaci\u00f3n avanzada con la opci\u00f3n de acreditarse para la certificaci\u00f3n de la especialidad completa en el futuro.<\/p>\n<p>ADVANCED OPEN WATER DIVER. \u00a0Elige entre m\u00e1s de 20 programas de especialidades de buceo \u00fanicas. Cuando completes una cantidad de 4 especialidadesy una experiencia de 24 inmersiones, obtendr\u00e1s autom\u00e1ticamente la cualificaci\u00f3n de Advanced Open Water Diver de SSI. Estas cualificaciones muestran tus competencias y forman una base s\u00f3lida para tus pr\u00f3ximas aventuras (orientaci\u00f3n, b\u00fasqueda y recuperaci\u00f3n, nocturno, pecios, profundo, aire enriquecido Nitrox, traje seco, flotabilidad perfecta, buceo con corrientes&#8230;).<\/p>\n<p><img loading=\"lazy\" decoding=\"async\" class=\"alignnone wp-image-362\" src=\"https:\/\/isurussub.com\/wordpress\/wp-content\/uploads\/2023\/02\/React-Right-Black-300x120.png\" alt=\"\" width=\"374\" height=\"150\" srcset=\"https:\/\/isurussub.com\/wordpress\/wp-content\/uploads\/2023\/02\/React-Right-Black-300x120.png 300w, https:\/\/isurussub.com\/wordpress\/wp-content\/uploads\/2023\/02\/React-Right-Black-1024x410.png 1024w, https:\/\/isurussub.com\/wordpress\/wp-content\/uploads\/2023\/02\/React-Right-Black-768x308.png 768w, https:\/\/isurussub.com\/wordpress\/wp-content\/uploads\/2023\/02\/React-Right-Black-1536x616.png 1536w, https:\/\/isurussub.com\/wordpress\/wp-content\/uploads\/2023\/02\/React-Right-Black-2048x821.png 2048w\" sizes=\"auto, (max-width: 374px) 100vw, 374px\" \/><\/p>\n<p>STRESS &amp; RESCUE DIVER, PRIMEROS AUXILIOS, R.C.P., ADMINISTRACI\u00d3N DE OXIGENO, D.E.A. T\u00e9cnicas de ayuda y autoayuda, rastreo, salvamento acu\u00e1tico y subacu\u00e1tico, actuaci\u00f3n frente a un accidente.<\/p>\n<p>MASTER DIVER. Cuando tengas 5 especialidades una de ellas Stress &amp; Rescue y una experiencia de 50 inmersiones alcanzar\u00e1s la m\u00e1s alta certificaci\u00f3n como buceador recreativo.<\/p>\n<p><img loading=\"lazy\" decoding=\"async\" class=\"alignnone wp-image-361 size-thumbnail\" src=\"https:\/\/isurussub.com\/wordpress\/wp-content\/uploads\/2023\/02\/Instructor-Training-Center-150x150.png\" alt=\"\" width=\"150\" height=\"150\" srcset=\"https:\/\/isurussub.com\/wordpress\/wp-content\/uploads\/2023\/02\/Instructor-Training-Center-150x150.png 150w, https:\/\/isurussub.com\/wordpress\/wp-content\/uploads\/2023\/02\/Instructor-Training-Center-300x300.png 300w, https:\/\/isurussub.com\/wordpress\/wp-content\/uploads\/2023\/02\/Instructor-Training-Center-1024x1024.png 1024w, https:\/\/isurussub.com\/wordpress\/wp-content\/uploads\/2023\/02\/Instructor-Training-Center-768x768.png 768w, https:\/\/isurussub.com\/wordpress\/wp-content\/uploads\/2023\/02\/Instructor-Training-Center-1536x1536.png 1536w, https:\/\/isurussub.com\/wordpress\/wp-content\/uploads\/2023\/02\/Instructor-Training-Center-2048x2048.png 2048w, https:\/\/isurussub.com\/wordpress\/wp-content\/uploads\/2023\/02\/Instructor-Training-Center-100x100.png 100w\" sizes=\"auto, (max-width: 150px) 100vw, 150px\" \/><\/p>\n<p>Y para quienes deseen hacer de su pasi\u00f3n su profesi\u00f3n: GU\u00cdA DE BUCEO, DIVE MASTER, INSTRUCTOR DE BUCEO. Ahorra con nuestro popular paquete de especialidad Divemaster. Este irresistible paquete es una manera excelente de obtener la certificaci\u00f3n para bucear a mayor profundidad, hacer inmersiones m\u00e1s largas, bucear de noche y mucho m\u00e1s. Estar\u00e1s en el camino correcto para obtener la codiciada cualificaci\u00f3n Divemaster de SSI y explorar los lugares de buceo m\u00e1s ic\u00f3nicos del mundo. Puedes continuar tu formaci\u00f3n y convertirte en Assistant Instructor o bien combinarla con un Assistant Instructor y un Instructor Training Course (ITC) para convertirte en Open Water Instructor. Ser instructor de buceo es solo el comienzo de una emocionante carrera profesional.<\/p>\n<p><img loading=\"lazy\" decoding=\"async\" class=\"alignnone wp-image-365 size-thumbnail\" src=\"https:\/\/isurussub.com\/wordpress\/wp-content\/uploads\/2023\/02\/Blue-Oceans-Center-150x150.png\" alt=\"\" width=\"150\" height=\"150\" srcset=\"https:\/\/isurussub.com\/wordpress\/wp-content\/uploads\/2023\/02\/Blue-Oceans-Center-150x150.png 150w, https:\/\/isurussub.com\/wordpress\/wp-content\/uploads\/2023\/02\/Blue-Oceans-Center-300x300.png 300w, https:\/\/isurussub.com\/wordpress\/wp-content\/uploads\/2023\/02\/Blue-Oceans-Center-1024x1024.png 1024w, https:\/\/isurussub.com\/wordpress\/wp-content\/uploads\/2023\/02\/Blue-Oceans-Center-768x768.png 768w, https:\/\/isurussub.com\/wordpress\/wp-content\/uploads\/2023\/02\/Blue-Oceans-Center-1536x1536.png 1536w, https:\/\/isurussub.com\/wordpress\/wp-content\/uploads\/2023\/02\/Blue-Oceans-Center-2048x2048.png 2048w, https:\/\/isurussub.com\/wordpress\/wp-content\/uploads\/2023\/02\/Blue-Oceans-Center-100x100.png 100w\" sizes=\"auto, (max-width: 150px) 100vw, 150px\" \/>\u00a0<\/p>\n<p><strong>CLUB DE BUCEO y AVENTURA ISURUS<\/strong><\/p>\n<p>Inmersiones desde costa (beach dive), bautismos de buceo nocturno. Viajes de buceo.<br \/>Campa\u00f1as de control y defensa de la naturaleza: Monitorizaci\u00f3n de la Posidonia, Limpieza del litoral<\/p>\n<p>Concursos de fotograf\u00eda de deportes de aventura. Ginkana Submarina.<br \/>Proyecciones y conferencias. Actividades sociales, fiestas y cenas de fin de a\u00f1o y de comienzo de temporada.<\/p>\n<p>Tramitaci\u00f3n de licencias federativas FEDAS, FEDME.<\/p>\n<p>SECCI\u00d3N DE MONTA\u00d1A. Excursiones de senderismo y bicicleta de monta\u00f1a<\/p>\n<p>Nuestras actividades no se limitan a la temporada estival e incluso en invierno, al menos los fines de semana, salimos a bucear. Puedes ver nuestro calendario completo en el\u00a0<strong><a href=\"https:\/\/isurussub.com\/wordpress\/calendario-de-actividades\/\">PROGRAMA DE ACTIVIDADES<\/a><\/strong><\/p>\n<p><img loading=\"lazy\" decoding=\"async\" class=\"alignnone size-large wp-image-390\" src=\"https:\/\/isurussub.com\/wordpress\/wp-content\/uploads\/2023\/02\/MyDiveGuide-Black-1-1024x196.png\" alt=\"\" width=\"525\" height=\"100\" srcset=\"https:\/\/isurussub.com\/wordpress\/wp-content\/uploads\/2023\/02\/MyDiveGuide-Black-1-1024x196.png 1024w, https:\/\/isurussub.com\/wordpress\/wp-content\/uploads\/2023\/02\/MyDiveGuide-Black-1-300x57.png 300w, https:\/\/isurussub.com\/wordpress\/wp-content\/uploads\/2023\/02\/MyDiveGuide-Black-1-768x147.png 768w, https:\/\/isurussub.com\/wordpress\/wp-content\/uploads\/2023\/02\/MyDiveGuide-Black-1-1536x294.png 1536w, https:\/\/isurussub.com\/wordpress\/wp-content\/uploads\/2023\/02\/MyDiveGuide-Black-1-2048x392.png 2048w\" sizes=\"auto, (max-width: 525px) 100vw, 525px\" \/><\/p>\n\n\n<p><\/p>\n","protected":false},"excerpt":{"rendered":"<p>\u00a0 CENTRO DE BUCEO ISURUS INMERSIONES en las Reservas Marinas de Illa del Toro e Illes Malgrats, debido a su abundant\u00edsima y variada fauna formada por grandes meros, barracudas, dentones, t\u00fanidos de gran tama\u00f1o, morenas, pulpos etc. y una micro fauna espectacular, todo ello en aguas cristalinas hacen de estas reservas una de las mejores &hellip; <\/p>\n<p class=\"link-more\"><a href=\"https:\/\/isurussub.com\/wordpress\/acerca-de\/\" class=\"more-link\">Continuar leyendo<span class=\"screen-reader-text\"> \u00abClub de buceo Isurus\u00bb<\/span><\/a><\/p>\n","protected":false},"author":1,"featured_media":249,"parent":0,"menu_order":0,"comment_status":"closed","ping_status":"closed","template":"","meta":{"footnotes":""},"class_list":["post-9","page","type-page","status-publish","has-post-thumbnail","hentry"],"_links":{"self":[{"href":"https:\/\/isurussub.com\/wordpress\/wp-json\/wp\/v2\/pages\/9","targetHints":{"allow":["GET"]}}],"collection":[{"href":"https:\/\/isurussub.com\/wordpress\/wp-json\/wp\/v2\/pages"}],"about":[{"href":"https:\/\/isurussub.com\/wordpress\/wp-json\/wp\/v2\/types\/page"}],"author":[{"embeddable":true,"href":"https:\/\/isurussub.com\/wordpress\/wp-json\/wp\/v2\/users\/1"}],"replies":[{"embeddable":true,"href":"https:\/\/isurussub.com\/wordpress\/wp-json\/wp\/v2\/comments?post=9"}],"version-history":[{"count":23,"href":"https:\/\/isurussub.com\/wordpress\/wp-json\/wp\/v2\/pages\/9\/revisions"}],"predecessor-version":[{"id":507,"href":"https:\/\/isurussub.com\/wordpress\/wp-json\/wp\/v2\/pages\/9\/revisions\/507"}],"wp:featuredmedia":[{"embeddable":true,"href":"https:\/\/isurussub.com\/wordpress\/wp-json\/wp\/v2\/media\/249"}],"wp:attachment":[{"href":"https:\/\/isurussub.com\/wordpress\/wp-json\/wp\/v2\/media?parent=9"}],"curies":[{"name":"wp","href":"https:\/\/api.w.org\/{rel}","templated":true}]}}